{"id":46,"date":"2026-03-13T08:39:11","date_gmt":"2026-03-13T08:39:11","guid":{"rendered":"https:\/\/held-immo.com\/impressum\/"},"modified":"2026-04-13T11:53:48","modified_gmt":"2026-04-13T09:53:48","slug":"impressum","status":"publish","type":"page","link":"https:\/\/held-immo.com\/de_de\/impressum\/","title":{"rendered":"Impressum"},"content":{"rendered":"\n<div class=\"wp-block-media-text alignwide is-stacked-on-mobile is-vertically-aligned-top ext-animate--on\" style=\"grid-template-columns:18% auto\"><figure class=\"wp-block-media-text__media\"><img loading=\"lazy\" decoding=\"async\" width=\"1024\" height=\"1024\" src=\"https:\/\/held-immo.com\/wp-content\/uploads\/2026\/03\/\u0414\u0438\u0437\u0430\u0439\u043d-\u0431\u0435\u0437-\u043d\u0430\u0437\u0432\u0430\u043d\u0438\u044f15-1-1024x1024.png\" alt=\"\" class=\"wp-image-667 size-full\" srcset=\"https:\/\/held-immo.com\/wp-content\/uploads\/2026\/03\/\u0414\u0438\u0437\u0430\u0439\u043d-\u0431\u0435\u0437-\u043d\u0430\u0437\u0432\u0430\u043d\u0438\u044f15-1-1024x1024.png 1024w, https:\/\/held-immo.com\/wp-content\/uploads\/2026\/03\/\u0414\u0438\u0437\u0430\u0439\u043d-\u0431\u0435\u0437-\u043d\u0430\u0437\u0432\u0430\u043d\u0438\u044f15-1-300x300.png 300w, https:\/\/held-immo.com\/wp-content\/uploads\/2026\/03\/\u0414\u0438\u0437\u0430\u0439\u043d-\u0431\u0435\u0437-\u043d\u0430\u0437\u0432\u0430\u043d\u0438\u044f15-1-150x150.png 150w, https:\/\/held-immo.com\/wp-content\/uploads\/2026\/03\/\u0414\u0438\u0437\u0430\u0439\u043d-\u0431\u0435\u0437-\u043d\u0430\u0437\u0432\u0430\u043d\u0438\u044f15-1-768x768.png 768w, https:\/\/held-immo.com\/wp-content\/uploads\/2026\/03\/\u0414\u0438\u0437\u0430\u0439\u043d-\u0431\u0435\u0437-\u043d\u0430\u0437\u0432\u0430\u043d\u0438\u044f15-1-1536x1536.png 1536w, https:\/\/held-immo.com\/wp-content\/uploads\/2026\/03\/\u0414\u0438\u0437\u0430\u0439\u043d-\u0431\u0435\u0437-\u043d\u0430\u0437\u0432\u0430\u043d\u0438\u044f15-1-2048x2048.png 2048w, https:\/\/held-immo.com\/wp-content\/uploads\/2026\/03\/\u0414\u0438\u0437\u0430\u0439\u043d-\u0431\u0435\u0437-\u043d\u0430\u0437\u0432\u0430\u043d\u0438\u044f15-1-12x12.png 12w\" sizes=\"auto, (max-width: 1024px) 100vw, 1024px\" \/><\/figure><div class=\"wp-block-media-text__content\">\n<p class=\"ext-animate--on\"><strong>Held Immobilienverwaltungs UG &amp; Co.KG<\/strong><br>Boschstra\u00dfe 21<br>49733 Haren (Ems)<br>Deutschland<br>Gesch\u00e4ftsf\u00fchrer<br>Bernhard Held<\/p>\n\n\n\n<p class=\"ext-animate--on\">Mobil: +491706162095 <br>Telefon: +49(0)5932733250<br>E-Mail: immobilien@h-ship.com<br>Website: held-immo.com<\/p>\n\n\n\n<p class=\"ext-animate--on\"><strong>Handelsregister:<\/strong> <br>HRA 202789, Amtsgericht Osnabr\u00fcck Steuer-ID: 61\/210\/17302<br><br><strong>Verantwortlich f\u00fcr den Inhalt nach \u00a7 55 Abs. 2 RStV:<\/strong><br>Held Shipping GmbH &amp; Co. KG, Boschstra\u00dfe 21a, 49733 Haren (Ems), info@h-ship.com<br>www.h-ship.com<br><br><strong>Letzte Aktualisierung:<\/strong><br>13.03.2026<\/p>\n<\/div><\/div>\n","protected":false},"excerpt":{"rendered":"<p>Held Immobilienverwaltungs UG &amp; Co.KGBoschstra\u00dfe 2149733 Haren (Ems)DeutschlandGesch\u00e4ftsf\u00fchrerBernhard Held Mobil: +491706162095 Telefon: +49(0)5932733250E-Mail: immobilien@h-ship.comWebsite: held-immo.com Handelsregister: HRA 202789, Amtsgericht Osnabr\u00fcck Steuer-ID: 61\/210\/17302 Verantwortlich f\u00fcr den Inhalt nach \u00a7 55 Abs. 2 RStV:Held Shipping GmbH &amp; Co. KG, Boschstra\u00dfe 21a, 49733 Haren (Ems), info@h-ship.comwww.h-ship.com Letzte Aktualisierung:13.03.2026<\/p>\n","protected":false},"author":1,"featured_media":0,"parent":0,"menu_order":0,"comment_status":"closed","ping_status":"closed","template":"page-with-title","meta":{"footnotes":""},"class_list":["post-46","page","type-page","status-publish","hentry"],"_links":{"self":[{"href":"https:\/\/held-immo.com\/de_de\/wp-json\/wp\/v2\/pages\/46","targetHints":{"allow":["GET"]}}],"collection":[{"href":"https:\/\/held-immo.com\/de_de\/wp-json\/wp\/v2\/pages"}],"about":[{"href":"https:\/\/held-immo.com\/de_de\/wp-json\/wp\/v2\/types\/page"}],"author":[{"embeddable":true,"href":"https:\/\/held-immo.com\/de_de\/wp-json\/wp\/v2\/users\/1"}],"replies":[{"embeddable":true,"href":"https:\/\/held-immo.com\/de_de\/wp-json\/wp\/v2\/comments?post=46"}],"version-history":[{"count":60,"href":"https:\/\/held-immo.com\/de_de\/wp-json\/wp\/v2\/pages\/46\/revisions"}],"predecessor-version":[{"id":1140,"href":"https:\/\/held-immo.com\/de_de\/wp-json\/wp\/v2\/pages\/46\/revisions\/1140"}],"wp:attachment":[{"href":"https:\/\/held-immo.com\/de_de\/wp-json\/wp\/v2\/media?parent=46"}],"curies":[{"name":"wp","href":"https:\/\/api.w.org\/{rel}","templated":true}]}}