{"id":25,"date":"2026-03-13T08:38:54","date_gmt":"2026-03-13T08:38:54","guid":{"rendered":"https:\/\/held-immo.com\/dienstleistungen\/"},"modified":"2026-04-13T11:34:51","modified_gmt":"2026-04-13T09:34:51","slug":"dienstleistungen","status":"publish","type":"page","link":"https:\/\/held-immo.com\/de_de\/","title":{"rendered":"\u00dcber uns"},"content":{"rendered":"\n<div class=\"wp-block-group alignfull is-style-ext-preset--group--natural-1--section ext-animate--on has-background-background-color has-background has-global-padding is-layout-constrained wp-container-core-group-is-layout-f72f1611 wp-block-group-is-layout-constrained\" id=\"services\" style=\"margin-top:0;margin-bottom:0;padding-top:var(--wp--preset--spacing--70);padding-bottom:var(--wp--preset--spacing--70)\">\n<div class=\"wp-block-media-text alignwide is-stacked-on-mobile is-vertically-aligned-top ext-animate--on is-style-ext-preset--media-text--gradient-1--card-1 is-style-ext-preset--media-text--gradient-1--card-1--2\" style=\"grid-template-columns:15% auto\"><figure class=\"wp-block-media-text__media\"><img loading=\"lazy\" decoding=\"async\" width=\"1024\" height=\"1024\" src=\"https:\/\/held-immo.com\/wp-content\/uploads\/2026\/03\/\u0414\u0438\u0437\u0430\u0439\u043d-\u0431\u0435\u0437-\u043d\u0430\u0437\u0432\u0430\u043d\u0438\u044f13-1024x1024.png\" alt=\"\" class=\"wp-image-609 size-full\" srcset=\"https:\/\/held-immo.com\/wp-content\/uploads\/2026\/03\/\u0414\u0438\u0437\u0430\u0439\u043d-\u0431\u0435\u0437-\u043d\u0430\u0437\u0432\u0430\u043d\u0438\u044f13-1024x1024.png 1024w, https:\/\/held-immo.com\/wp-content\/uploads\/2026\/03\/\u0414\u0438\u0437\u0430\u0439\u043d-\u0431\u0435\u0437-\u043d\u0430\u0437\u0432\u0430\u043d\u0438\u044f13-300x300.png 300w, https:\/\/held-immo.com\/wp-content\/uploads\/2026\/03\/\u0414\u0438\u0437\u0430\u0439\u043d-\u0431\u0435\u0437-\u043d\u0430\u0437\u0432\u0430\u043d\u0438\u044f13-150x150.png 150w, https:\/\/held-immo.com\/wp-content\/uploads\/2026\/03\/\u0414\u0438\u0437\u0430\u0439\u043d-\u0431\u0435\u0437-\u043d\u0430\u0437\u0432\u0430\u043d\u0438\u044f13-768x768.png 768w, https:\/\/held-immo.com\/wp-content\/uploads\/2026\/03\/\u0414\u0438\u0437\u0430\u0439\u043d-\u0431\u0435\u0437-\u043d\u0430\u0437\u0432\u0430\u043d\u0438\u044f13-1536x1536.png 1536w, https:\/\/held-immo.com\/wp-content\/uploads\/2026\/03\/\u0414\u0438\u0437\u0430\u0439\u043d-\u0431\u0435\u0437-\u043d\u0430\u0437\u0432\u0430\u043d\u0438\u044f13-12x12.png 12w, https:\/\/held-immo.com\/wp-content\/uploads\/2026\/03\/\u0414\u0438\u0437\u0430\u0439\u043d-\u0431\u0435\u0437-\u043d\u0430\u0437\u0432\u0430\u043d\u0438\u044f13.png 2000w\" sizes=\"auto, (max-width: 1024px) 100vw, 1024px\" \/><\/figure><div class=\"wp-block-media-text__content\">\n<p class=\"ext-animate--on\">  Die Held Immobilien wurde im Jahr 2011 von Mitgliedern der Familie Held gegr\u00fcndet, mit dem Ziel, ein neues Zuhause   f\u00fcr das Frauen- und Mutterzentrum in Haren zu schaffen. Daf\u00fcr entstand ein Geb\u00e4ude in der Boschstra\u00dfe 21a, das heute als Kindertagesst\u00e4tte genutzt wird.<\/p>\n\n\n\n<p class=\"ext-animate--on\">Dieses Projekt hat uns gezeigt, wie wichtig es ist, R\u00e4ume zu schaffen, in denen Menschen sich wohlf\u00fchlen und ihre Zukunft gestalten k\u00f6nnen. Seitdem w\u00e4chst unser Portfolio kontinuierlich und umfasst heute eine vielf\u00e4ltige Auswahl an Wohnh\u00e4usern, Wohnungen, Gewerbeimmobilien und Neubauten in Haren (Ems).<\/p>\n\n\n\n<p class=\"ext-animate--on\">        Derzeit betreuen wir ausschlie\u00dflich Objekte aus unserem eigenen Bestand. Gleichzeitig sind wir stets auf der Suche nach neuen Immobilien, um unser Angebot in der Region weiter auszubauen.<\/p>\n\n\n\n<p class=\"ext-animate--on\">        Wir legen Wert auf Zuverl\u00e4ssigkeit, Qualit\u00e4t und Verantwortung. Wir begleiten unsere Mieter pers\u00f6nlich, schaffen Sicherheit f\u00fcr eine sorgenfreie Zukunft und freuen uns darauf, Menschen bei der Verwirklichung ihrer Wohntr\u00e4ume zu unterst\u00fctzen.<\/p>\n\n\n\n<div class=\"wp-block-columns ext-animate--on is-layout-flex wp-container-core-columns-is-layout-28f84493 wp-block-columns-is-layout-flex\">\n<div class=\"wp-block-column ext-animate--on is-layout-flow wp-block-column-is-layout-flow\"><div class=\"ext-animate--on wp-block-post-excerpt\"><p class=\"wp-block-post-excerpt__excerpt\">Die Firma Held ist in zwei Branchen t\u00e4tig: Reederei und Immobilien. <\/p><\/div><\/div>\n<\/div>\n\n\n\n<a href=\"https:\/\/h-ship.com\/EN\/index.html\" target=\"_blank\">\n  Erfahren Sie mehr \u00fcber unsere T\u00e4tigkeit im Bereich Reederei\n<\/a>\n<\/div><\/div>\n\n\n\n<div class=\"wp-block-columns alignwide ext-animate--on is-layout-flex wp-container-core-columns-is-layout-08c01c1c wp-block-columns-is-layout-flex\">\n<div class=\"wp-block-column is-vertically-aligned-stretch ext-animate--on is-layout-flow wp-container-core-column-is-layout-f5bb311e wp-block-column-is-layout-flow\">\n<div class=\"wp-block-group is-style-ext-preset--group--natural-1--item-card-1--align-start ext-animate--on has-global-padding is-layout-constrained wp-block-group-is-layout-constrained is-style-ext-preset--group--natural-1--item-card-1--align-start--3\">\n<div class=\"wp-block-group is-style-default ext-animate--on has-global-padding is-layout-constrained wp-block-group-is-layout-constrained\">\n<figure class=\"wp-block-image size-large is-resized ext-aspect-landscape ext-animate--on wp-duotone-primary-foreground\"><img decoding=\"async\" src=\"data:image\/svg+xml;base64,PHN2ZyB4bWxucz0iaHR0cDovL3d3dy53My5vcmcvMjAwMC9zdmciIHdpZHRoPSI0OCIgaGVpZ2h0PSI0OCIgZmlsbD0iIzAwMDAwMCIgdmlld0JveD0iMCAwIDI1NiAyNTYiPjxwYXRoIGQ9Ik0xNzIsNzZhNDQsNDQsMCwxLDAtNDQsNDRBNDQuMDUsNDQuMDUsMCwwLDAsMTcyLDc2Wm0tNDQsMjhhMjgsMjgsMCwxLDEsMjgtMjhBMjgsMjgsMCwwLDEsMTI4LDEwNFptNjAsMjRhNDQsNDQsMCwxLDAsNDQsNDRBNDQuMDUsNDQuMDUsMCwwLDAsMTg4LDEyOFptMCw3MmEyOCwyOCwwLDEsMSwyOC0yOEEyOCwyOCwwLDAsMSwxODgsMjAwWk02OCwxMjhhNDQsNDQsMCwxLDAsNDQsNDRBNDQuMDUsNDQuMDUsMCwwLDAsNjgsMTI4Wm0wLDcyYTI4LDI4LDAsMSwxLDI4LTI4QTI4LDI4LDAsMCwxLDY4LDIwMFoiPjwvcGF0aD48L3N2Zz4=\" alt=\"\" style=\"object-fit:cover;width:48px;height:auto\"\/><\/figure>\n\n\n\n<h3 class=\"wp-block-heading ext-animate--on\">Zuverl\u00e4ssigkeit<\/h3>\n\n\n\n<p class=\"ext-animate--on\">Seit 2011 erfolgreich am Markt<\/p>\n<\/div>\n<\/div>\n<\/div>\n\n\n\n<div class=\"wp-block-column is-vertically-aligned-stretch ext-animate--on is-layout-flow wp-container-core-column-is-layout-f5bb311e wp-block-column-is-layout-flow\">\n<div class=\"wp-block-group is-style-ext-preset--group--natural-1--item-card-1--align-start ext-animate--on has-global-padding is-layout-constrained wp-block-group-is-layout-constrained is-style-ext-preset--group--natural-1--item-card-1--align-start--4\">\n<div class=\"wp-block-group is-style-default ext-animate--on has-global-padding is-layout-constrained wp-block-group-is-layout-constrained\">\n<figure class=\"wp-block-image size-large ext-aspect-landscape ext-animate--on wp-duotone-primary-foreground\"><img decoding=\"async\" src=\"data:image\/svg+xml;base64,PHN2ZyB4bWxucz0iaHR0cDovL3d3dy53My5vcmcvMjAwMC9zdmciIHdpZHRoPSI0OCIgaGVpZ2h0PSI0OCIgZmlsbD0iIzAwMDAwMCIgdmlld0JveD0iMCAwIDI1NiAyNTYiPjxwYXRoIGQ9Ik04MCw0MGE0MCw0MCwwLDEsMCw0MCw0MEE0MCw0MCwwLDAsMCw4MCw0MFptMCw2NGEyNCwyNCwwLDEsMSwyNC0yNEEyNCwyNCwwLDAsMSw4MCwxMDRabTk2LDE2YTQwLDQwLDAsMSwwLTQwLTQwQTQwLDQwLDAsMCwwLDE3NiwxMjBabTAtNjRhMjQsMjQsMCwxLDEtMjQsMjRBMjQsMjQsMCwwLDEsMTc2LDU2Wk04MCwxMzZhNDAsNDAsMCwxLDAsNDAsNDBBNDAsNDAsMCwwLDAsODAsMTM2Wm0wLDY0YTI0LDI0LDAsMSwxLDI0LTI0QTI0LDI0LDAsMCwxLDgwLDIwMFptOTYtNjRhNDAsNDAsMCwxLDAsNDAsNDBBNDAsNDAsMCwwLDAsMTc2LDEzNlptMCw2NGEyNCwyNCwwLDEsMSwyNC0yNEEyNCwyNCwwLDAsMSwxNzYsMjAwWiI+PC9wYXRoPjwvc3ZnPg==\" alt=\"\" style=\"object-fit:cover\"\/><\/figure>\n\n\n\n<h3 class=\"wp-block-heading ext-animate--on\">Verf\u00fcgbarkeit<\/h3>\n\n\n\n<p class=\"ext-animate--on\">Wir vermieten Immobilien f\u00fcr private und gewerbliche Nutzung<\/p>\n<\/div>\n<\/div>\n<\/div>\n\n\n\n<div class=\"wp-block-column is-vertically-aligned-stretch ext-animate--on is-layout-flow wp-container-core-column-is-layout-f5bb311e wp-block-column-is-layout-flow\">\n<div class=\"wp-block-group is-style-ext-preset--group--natural-1--item-card-1--align-start ext-animate--on has-global-padding is-layout-constrained wp-block-group-is-layout-constrained is-style-ext-preset--group--natural-1--item-card-1--align-start--5\">\n<div class=\"wp-block-group is-style-default ext-animate--on has-global-padding is-layout-constrained wp-block-group-is-layout-constrained\">\n<figure class=\"wp-block-image size-large ext-aspect-landscape ext-animate--on wp-duotone-primary-foreground\"><img decoding=\"async\" src=\"data:image\/svg+xml;base64,PHN2ZyB4bWxucz0iaHR0cDovL3d3dy53My5vcmcvMjAwMC9zdmciIHdpZHRoPSI0OCIgaGVpZ2h0PSI0OCIgZmlsbD0iIzAwMDAwMCIgdmlld0JveD0iMCAwIDI1NiAyNTYiPjxwYXRoIGQ9Ik04MCw0MGE0MCw0MCwwLDEsMCw0MCw0MEE0MCw0MCwwLDAsMCw4MCw0MFptMCw2NGEyNCwyNCwwLDEsMSwyNC0yNEEyNCwyNCwwLDAsMSw4MCwxMDRabTk2LDE2YTQwLDQwLDAsMSwwLTQwLTQwQTQwLDQwLDAsMCwwLDE3NiwxMjBabTAtNjRhMjQsMjQsMCwxLDEtMjQsMjRBMjQsMjQsMCwwLDEsMTc2LDU2Wk04MCwxMzZhNDAsNDAsMCwxLDAsNDAsNDBBNDAsNDAsMCwwLDAsODAsMTM2Wm0wLDY0YTI0LDI0LDAsMSwxLDI0LTI0QTI0LDI0LDAsMCwxLDgwLDIwMFptMTM2LTI0YTgsOCwwLDAsMS04LDhIMTg0djI0YTgsOCwwLDAsMS0xNiwwVjE4NEgxNDRhOCw4LDAsMCwxLDAtMTZoMjRWMTQ0YTgsOCwwLDAsMSwxNiwwdjI0aDI0QTgsOCwwLDAsMSwyMTYsMTc2WiI+PC9wYXRoPjwvc3ZnPg==\" alt=\"\" style=\"object-fit:cover\"\/><\/figure>\n\n\n\n<h3 class=\"wp-block-heading ext-animate--on\">Pers\u00f6nliche Betreuung<\/h3>\n\n\n\n<p class=\"ext-animate--on\">Wir unterst\u00fctzen unsere Mieter pers\u00f6nlich<\/p>\n<\/div>\n<\/div>\n<\/div>\n<\/div>\n<\/div>\n","protected":false},"excerpt":{"rendered":"<p>Die Firma Held ist in zwei Branchen t\u00e4tig: Reederei und Immobilien.<\/p>\n<p><\/p>\n","protected":false},"author":1,"featured_media":0,"parent":0,"menu_order":0,"comment_status":"closed","ping_status":"closed","template":"page-with-title","meta":{"footnotes":""},"class_list":["post-25","page","type-page","status-publish","hentry"],"_links":{"self":[{"href":"https:\/\/held-immo.com\/de_de\/wp-json\/wp\/v2\/pages\/25","targetHints":{"allow":["GET"]}}],"collection":[{"href":"https:\/\/held-immo.com\/de_de\/wp-json\/wp\/v2\/pages"}],"about":[{"href":"https:\/\/held-immo.com\/de_de\/wp-json\/wp\/v2\/types\/page"}],"author":[{"embeddable":true,"href":"https:\/\/held-immo.com\/de_de\/wp-json\/wp\/v2\/users\/1"}],"replies":[{"embeddable":true,"href":"https:\/\/held-immo.com\/de_de\/wp-json\/wp\/v2\/comments?post=25"}],"version-history":[{"count":455,"href":"https:\/\/held-immo.com\/de_de\/wp-json\/wp\/v2\/pages\/25\/revisions"}],"predecessor-version":[{"id":961,"href":"https:\/\/held-immo.com\/de_de\/wp-json\/wp\/v2\/pages\/25\/revisions\/961"}],"wp:attachment":[{"href":"https:\/\/held-immo.com\/de_de\/wp-json\/wp\/v2\/media?parent=25"}],"curies":[{"name":"wp","href":"https:\/\/api.w.org\/{rel}","templated":true}]}}