{"id":24,"date":"2026-03-13T08:38:54","date_gmt":"2026-03-13T08:38:54","guid":{"rendered":"https:\/\/held-immo.com\/portfolio\/"},"modified":"2026-04-13T11:20:45","modified_gmt":"2026-04-13T09:20:45","slug":"immobilienankauf","status":"publish","type":"page","link":"https:\/\/held-immo.com\/de_de\/immobilienankauf\/","title":{"rendered":"Ankauf Immobilien"},"content":{"rendered":"\n<div class=\"wp-block-group alignfull is-style-ext-preset--group--natural-1--section has-background-background-color has-background has-global-padding is-layout-constrained wp-block-group-is-layout-constrained\" id=\"about\" style=\"margin-top:0;margin-bottom:0;padding-top:var(--wp--preset--spacing--70);padding-bottom:var(--wp--preset--spacing--70)\">\n<h2 class=\"wp-block-heading has-text-align-left ext-animate--on\">Sie m\u00f6chten Ihre <br>Immobilie verkaufen?<\/h2>\n\n\n\n<p class=\"has-text-align-left ext-animate--on\" style=\"margin-top:1.5rem\"><strong>Wir sind laufend auf der Suche nach H\u00e4usern, Wohnungen und <strong>Grundst\u00fccken <\/strong>in der Region.<\/strong><\/p>\n\n\n\n<p class=\"has-text-align-left ext-animate--on\" style=\"margin-top:1.5rem\">Wenn Sie \u00fcberlegen, Ihre Immobilie zu verkaufen, freuen wir uns \u00fcber Ihre Kontaktaufnahme. <\/p>\n\n\n\n<p class=\"has-text-align-left ext-animate--on\" style=\"margin-top:1.5rem\">Wir pr\u00fcfen jedes Angebot diskret, zuverl\u00e4ssig und unkompliziert. Dank unserer langj\u00e4hrigen Erfahrung k\u00f6nnen wir eine schnelle und faire Abwicklung gew\u00e4hrleisten.<\/p>\n\n\n\n<p class=\"ext-animate--on\"><strong>Senden Sie uns einfach eine Anfrage \u2013 wir melden uns so schnell wie m\u00f6glich bei Ihnen.<\/strong><\/p>\n\n\n\n<div class=\"wp-block-group ext-animate--on has-global-padding is-layout-constrained wp-block-group-is-layout-constrained\">\n<div class=\"wp-block-columns ext-animate--on is-layout-flex wp-container-core-columns-is-layout-28f84493 wp-block-columns-is-layout-flex\">\n<div class=\"wp-block-column ext-animate--on is-layout-flow wp-block-column-is-layout-flow\" style=\"flex-basis:100%\"><style id=\"wpforms-css-vars-920-block-cf11b9ea-7359-4497-98f3-6c7ef99fe674\">\n\t\t\t\t#wpforms-920.wpforms-block-cf11b9ea-7359-4497-98f3-6c7ef99fe674 {\n\t\t\t\t--wpforms-label-color: rgba(0, 0, 0, 0.85);\n--wpforms-label-sublabel-color: rgba(0, 0, 0, 0.55);\n--wpforms-field-border-color: rgba(0, 0, 0, 0.25);\n--wpforms-field-border-color-spare: rgba(0, 0, 0, 0.25);\n--wpforms-field-text-color: rgba(0, 0, 0, 0.7);\n--wpforms-field-size-input-height: 31px;\n--wpforms-field-size-input-spacing: 10px;\n--wpforms-field-size-font-size: 14px;\n--wpforms-field-size-line-height: 17px;\n--wpforms-field-size-padding-h: 9px;\n--wpforms-field-size-checkbox-size: 14px;\n--wpforms-field-size-sublabel-spacing: 5px;\n--wpforms-field-size-icon-size: 0.75;\n--wpforms-label-size-font-size: 16px;\n--wpforms-label-size-line-height: 19px;\n--wpforms-label-size-sublabel-font-size: 14px;\n--wpforms-label-size-sublabel-line-height: 17px;\n--wpforms-button-size-font-size: 17px;\n--wpforms-button-size-height: 41px;\n--wpforms-button-size-padding-h: 15px;\n--wpforms-button-size-margin-top: 10px;\n\t\t\t}\n\t\t\t<\/style><div class=\"wpforms-container wpforms-container-full ext-animate--on wpforms-block wpforms-block-cf11b9ea-7359-4497-98f3-6c7ef99fe674 wpforms-render-modern\" id=\"wpforms-920\"><form id=\"wpforms-form-920\" class=\"wpforms-validate wpforms-form wpforms-ajax-form\" data-formid=\"920\" method=\"post\" enctype=\"multipart\/form-data\" action=\"\/de_de\/wp-json\/wp\/v2\/pages\/24\" data-token=\"a9a6dcdfe9a8c94282f88931e858c08f\" data-token-time=\"1776344052\"><noscript class=\"wpforms-error-noscript\">Bitte aktiviere JavaScript in deinem Browser, um dieses Formular fertigzustellen.<\/noscript><div id=\"wpforms-error-noscript\" style=\"display: none;\">Bitte aktiviere JavaScript in deinem Browser, um dieses Formular fertigzustellen.<\/div><div class=\"wpforms-field-container\">\t\t<div id=\"wpforms-920-field_2-container\"\n\t\t\tclass=\"wpforms-field wpforms-field-text\"\n\t\t\tdata-field-type=\"text\"\n\t\t\tdata-field-id=\"2\"\n\t\t\t>\n\t\t\t<label class=\"wpforms-field-label\" for=\"wpforms-920-field_2\" >Anfrage Email Datenschutz<\/label>\n\t\t\t<input type=\"text\" id=\"wpforms-920-field_2\" class=\"wpforms-field-medium\" name=\"wpforms[fields][2]\" >\n\t\t<\/div>\n\t\t<div id=\"wpforms-920-field_1-container\" class=\"wpforms-field wpforms-field-name\" data-field-id=\"1\"><label class=\"wpforms-field-label\" for=\"wpforms-920-field_1\">Name <span class=\"wpforms-required-label\" aria-hidden=\"true\">*<\/span><\/label><input type=\"text\" id=\"wpforms-920-field_1\" class=\"wpforms-field-medium wpforms-field-required\" name=\"wpforms[fields][1]\" aria-errormessage=\"wpforms-920-field_1-error\" required><\/div><div id=\"wpforms-920-field_8-container\" class=\"wpforms-field wpforms-field-email\" data-field-id=\"8\"><label class=\"wpforms-field-label\" for=\"wpforms-920-field_8\">Email <span class=\"wpforms-required-label\" aria-hidden=\"true\">*<\/span><\/label><input type=\"email\" id=\"wpforms-920-field_8\" class=\"wpforms-field-medium wpforms-field-required\" name=\"wpforms[fields][8]\" spellcheck=\"false\" aria-errormessage=\"wpforms-920-field_8-error\" required><\/div><div id=\"wpforms-920-field_4-container\" class=\"wpforms-field wpforms-field-radio\" data-field-id=\"4\"><fieldset><legend class=\"wpforms-field-label\">Immobilienart  <span class=\"wpforms-required-label\" aria-hidden=\"true\">*<\/span><\/legend><ul id=\"wpforms-920-field_4\" class=\"wpforms-field-required\"><li class=\"choice-1 depth-1\"><input type=\"radio\" id=\"wpforms-920-field_4_1\" name=\"wpforms[fields][4]\" value=\"Verkauf eines Hauses\" aria-errormessage=\"wpforms-920-field_4_1-error\" required ><label class=\"wpforms-field-label-inline\" for=\"wpforms-920-field_4_1\">Verkauf eines Hauses<\/label><\/li><li class=\"choice-2 depth-1\"><input type=\"radio\" id=\"wpforms-920-field_4_2\" name=\"wpforms[fields][4]\" value=\"Verkauf einer Wohnung\" aria-errormessage=\"wpforms-920-field_4_2-error\" required ><label class=\"wpforms-field-label-inline\" for=\"wpforms-920-field_4_2\">Verkauf einer Wohnung<\/label><\/li><li class=\"choice-3 depth-1\"><input type=\"radio\" id=\"wpforms-920-field_4_3\" name=\"wpforms[fields][4]\" value=\"Verkauf eines Grundst\u00fccks\" aria-errormessage=\"wpforms-920-field_4_3-error\" required ><label class=\"wpforms-field-label-inline\" for=\"wpforms-920-field_4_3\">Verkauf eines Grundst\u00fccks<\/label><\/li><li class=\"choice-4 depth-1\"><input type=\"radio\" id=\"wpforms-920-field_4_4\" name=\"wpforms[fields][4]\" value=\"Ich w\u00fcnsche eine Beratung und weitere Informationen\" aria-errormessage=\"wpforms-920-field_4_4-error\" required ><label class=\"wpforms-field-label-inline\" for=\"wpforms-920-field_4_4\">Ich w\u00fcnsche eine Beratung und weitere Informationen<\/label><\/li><\/ul><\/fieldset><\/div><div id=\"wpforms-920-field_7-container\" class=\"wpforms-field wpforms-field-textarea\" data-field-id=\"7\"><label class=\"wpforms-field-label\" for=\"wpforms-920-field_7\">Ihre Anfrage <span class=\"wpforms-required-label\" aria-hidden=\"true\">*<\/span><\/label><textarea id=\"wpforms-920-field_7\" class=\"wpforms-field-medium wpforms-field-required\" name=\"wpforms[fields][7]\" aria-errormessage=\"wpforms-920-field_7-error\" required><\/textarea><\/div><div id=\"wpforms-920-field_11-container\" class=\"wpforms-field wpforms-field-checkbox\" data-field-id=\"11\"><fieldset><legend class=\"wpforms-field-label\">Datenschutz <span class=\"wpforms-required-label\" aria-hidden=\"true\">*<\/span><\/legend><ul id=\"wpforms-920-field_11\" class=\"wpforms-field-required\"><li class=\"choice-1 depth-1\"><input type=\"checkbox\" id=\"wpforms-920-field_11_1\" name=\"wpforms[fields][11][]\" value=\"Ich habe die &lt;a href=&quot;\/datenschutz\/&quot; target=&quot;_blank&quot;&gt;Datenschutzerkl\u00e4rung&lt;\/a&gt; gelesen und akzeptiere sie.\" aria-errormessage=\"wpforms-920-field_11_1-error\" required ><label class=\"wpforms-field-label-inline\" for=\"wpforms-920-field_11_1\">Ich habe die <a href=\"\/datenschutz\/\" target=\"_blank\">Datenschutzerkl\u00e4rung<\/a> gelesen und akzeptiere sie.<\/label><\/li><\/ul><\/fieldset><\/div><script>\n\t\t\t\t( function() {\n\t\t\t\t\tconst style = document.createElement( 'style' );\n\t\t\t\t\tstyle.appendChild( document.createTextNode( '#wpforms-920-field_2-container { position: absolute !important; overflow: hidden !important; display: inline !important; height: 1px !important; width: 1px !important; z-index: -1000 !important; padding: 0 !important; } #wpforms-920-field_2-container input { visibility: hidden; } #wpforms-conversational-form-page #wpforms-920-field_2-container label { counter-increment: none; }' ) );\n\t\t\t\t\tdocument.head.appendChild( style );\n\t\t\t\t\tdocument.currentScript?.remove();\n\t\t\t\t} )();\n\t\t\t<\/script><\/div><!-- .wpforms-field-container --><div class=\"wpforms-submit-container\" ><input type=\"hidden\" name=\"wpforms[id]\" value=\"920\"><input type=\"hidden\" name=\"page_title\" value=\"\"><input type=\"hidden\" name=\"page_url\" value=\"https:\/\/held-immo.com\/de_de\/wp-json\/wp\/v2\/pages\/24\"><input type=\"hidden\" name=\"url_referer\" value=\"\"><button type=\"submit\" name=\"wpforms[submit]\" id=\"wpforms-submit-920\" class=\"wpforms-submit\" data-alt-text=\"Bearbeitung\" data-submit-text=\"Senden\" aria-live=\"assertive\" value=\"wpforms-submit\">Senden<\/button><img loading=\"lazy\" decoding=\"async\" src=\"https:\/\/held-immo.com\/wp-content\/plugins\/wpforms-lite\/assets\/images\/submit-spin.svg\" class=\"wpforms-submit-spinner\" style=\"display: none;\" width=\"26\" height=\"26\" alt=\"Wird geladen\"><\/div><\/form><\/div>  <!-- .wpforms-container --><\/div>\n<\/div>\n<\/div>\n<\/div>\n","protected":false},"excerpt":{"rendered":"<p>Sie m\u00f6chten Ihre Immobilie verkaufen? Wir sind laufend auf der Suche nach H\u00e4usern, Wohnungen und Grundst\u00fccken in der Region. Wenn Sie \u00fcberlegen, Ihre Immobilie zu verkaufen, freuen wir uns \u00fcber Ihre Kontaktaufnahme. Wir pr\u00fcfen jedes Angebot diskret, zuverl\u00e4ssig und unkompliziert. Dank unserer langj\u00e4hrigen Erfahrung k\u00f6nnen wir eine schnelle und faire Abwicklung gew\u00e4hrleisten. Senden Sie uns [&hellip;]<\/p>\n","protected":false},"author":1,"featured_media":0,"parent":0,"menu_order":0,"comment_status":"closed","ping_status":"closed","template":"page-with-title","meta":{"footnotes":""},"class_list":["post-24","page","type-page","status-publish","hentry"],"_links":{"self":[{"href":"https:\/\/held-immo.com\/de_de\/wp-json\/wp\/v2\/pages\/24","targetHints":{"allow":["GET"]}}],"collection":[{"href":"https:\/\/held-immo.com\/de_de\/wp-json\/wp\/v2\/pages"}],"about":[{"href":"https:\/\/held-immo.com\/de_de\/wp-json\/wp\/v2\/types\/page"}],"author":[{"embeddable":true,"href":"https:\/\/held-immo.com\/de_de\/wp-json\/wp\/v2\/users\/1"}],"replies":[{"embeddable":true,"href":"https:\/\/held-immo.com\/de_de\/wp-json\/wp\/v2\/comments?post=24"}],"version-history":[{"count":21,"href":"https:\/\/held-immo.com\/de_de\/wp-json\/wp\/v2\/pages\/24\/revisions"}],"predecessor-version":[{"id":933,"href":"https:\/\/held-immo.com\/de_de\/wp-json\/wp\/v2\/pages\/24\/revisions\/933"}],"wp:attachment":[{"href":"https:\/\/held-immo.com\/de_de\/wp-json\/wp\/v2\/media?parent=24"}],"curies":[{"name":"wp","href":"https:\/\/api.w.org\/{rel}","templated":true}]}}