{"id":1118,"date":"2026-04-13T11:05:45","date_gmt":"2026-04-13T09:05:45","guid":{"rendered":"https:\/\/held-immo.com\/?page_id=1118"},"modified":"2026-04-13T11:05:45","modified_gmt":"2026-04-13T09:05:45","slug":"ansprechpartner-2","status":"publish","type":"page","link":"https:\/\/held-immo.com\/de_de\/ansprechpartner-2\/","title":{"rendered":"ansprechpartner"},"content":{"rendered":"\n<div class=\"wp-block-group alignfull is-style-ext-preset--group--natural-1--section ext-animate--on has-background-background-color has-background has-global-padding is-layout-constrained wp-container-core-group-is-layout-e955bbaf wp-block-group-is-layout-constrained\" style=\"margin-top:0;margin-bottom:0;padding-top:var(--wp--preset--spacing--70);padding-bottom:var(--wp--preset--spacing--70)\">\n<div class=\"wp-block-group ext-animate--on has-global-padding is-layout-constrained wp-container-core-group-is-layout-2287c683 wp-block-group-is-layout-constrained\">\n<h2 class=\"wp-block-heading has-text-align-center ext-animate--on\">Ihre Ansprechpartner<\/h2>\n<\/div>\n\n\n\n<div class=\"wp-block-media-text alignwide is-stacked-on-mobile ext-animate--on is-style-ext-preset--media-text--gradient-1--card-1 is-style-ext-preset--media-text--gradient-1--card-1--2\" style=\"grid-template-columns:35% auto\"><figure class=\"wp-block-media-text__media\"><img loading=\"lazy\" decoding=\"async\" width=\"1024\" height=\"1024\" src=\"https:\/\/held-immo.com\/wp-content\/uploads\/2026\/03\/\u0414\u0438\u0437\u0430\u0439\u043d-\u0431\u0435\u0437-\u043d\u0430\u0437\u0432\u0430\u043d\u0438\u044f11-1-1024x1024.png\" alt=\"\" class=\"wp-image-297 size-full\" srcset=\"https:\/\/held-immo.com\/wp-content\/uploads\/2026\/03\/\u0414\u0438\u0437\u0430\u0439\u043d-\u0431\u0435\u0437-\u043d\u0430\u0437\u0432\u0430\u043d\u0438\u044f11-1-1024x1024.png 1024w, https:\/\/held-immo.com\/wp-content\/uploads\/2026\/03\/\u0414\u0438\u0437\u0430\u0439\u043d-\u0431\u0435\u0437-\u043d\u0430\u0437\u0432\u0430\u043d\u0438\u044f11-1-300x300.png 300w, https:\/\/held-immo.com\/wp-content\/uploads\/2026\/03\/\u0414\u0438\u0437\u0430\u0439\u043d-\u0431\u0435\u0437-\u043d\u0430\u0437\u0432\u0430\u043d\u0438\u044f11-1-150x150.png 150w, https:\/\/held-immo.com\/wp-content\/uploads\/2026\/03\/\u0414\u0438\u0437\u0430\u0439\u043d-\u0431\u0435\u0437-\u043d\u0430\u0437\u0432\u0430\u043d\u0438\u044f11-1-768x768.png 768w, https:\/\/held-immo.com\/wp-content\/uploads\/2026\/03\/\u0414\u0438\u0437\u0430\u0439\u043d-\u0431\u0435\u0437-\u043d\u0430\u0437\u0432\u0430\u043d\u0438\u044f11-1-1536x1536.png 1536w, https:\/\/held-immo.com\/wp-content\/uploads\/2026\/03\/\u0414\u0438\u0437\u0430\u0439\u043d-\u0431\u0435\u0437-\u043d\u0430\u0437\u0432\u0430\u043d\u0438\u044f11-1-12x12.png 12w, https:\/\/held-immo.com\/wp-content\/uploads\/2026\/03\/\u0414\u0438\u0437\u0430\u0439\u043d-\u0431\u0435\u0437-\u043d\u0430\u0437\u0432\u0430\u043d\u0438\u044f11-1.png 2000w\" sizes=\"auto, (max-width: 1024px) 100vw, 1024px\" \/><\/figure><div class=\"wp-block-media-text__content\">\n<p class=\"ext-animate--on\"><strong>Bernhard Held<\/strong><br><strong>Gesch\u00e4ftsf\u00fchrer, Dipl.-Kaufmann (FH) und gepr\u00fcfter Bilanzbuchhalter (IHK)<\/strong> <br><br>Seine St\u00e4rken im kaufm\u00e4nnischen Bereich, helfen ungemein die t\u00e4glichen Herausforderungen im Immobilienbereich zu meistern . Seine gr\u00fcndliche und ehrliche Arbeitsweise sorgt daf\u00fcr, dass alle Immobilienangelegenheiten professionell betreut werden. <br><em>\u201eMir liegt es am Herzen, Immobilien zuverl\u00e4ssig zu verwalten und Menschen Orte zu bieten, an denen sie sich zuhause f\u00fchlen und gl\u00fcckliche Momente erleben k\u00f6nnen.\u201c<\/em><\/p>\n<\/div><\/div>\n\n\n\n<div class=\"wp-block-media-text alignwide is-stacked-on-mobile ext-animate--on is-style-ext-preset--media-text--gradient-1--card-1 is-style-ext-preset--media-text--gradient-1--card-1--3\" style=\"grid-template-columns:34% auto\"><figure class=\"wp-block-media-text__media\"><img loading=\"lazy\" decoding=\"async\" width=\"1024\" height=\"1024\" src=\"https:\/\/held-immo.com\/wp-content\/uploads\/2026\/03\/\u0414\u0438\u0437\u0430\u0439\u043d-\u0431\u0435\u0437-\u043d\u0430\u0437\u0432\u0430\u043d\u0438\u044f12-1024x1024.png\" alt=\"\" class=\"wp-image-318 size-full\" srcset=\"https:\/\/held-immo.com\/wp-content\/uploads\/2026\/03\/\u0414\u0438\u0437\u0430\u0439\u043d-\u0431\u0435\u0437-\u043d\u0430\u0437\u0432\u0430\u043d\u0438\u044f12-1024x1024.png 1024w, https:\/\/held-immo.com\/wp-content\/uploads\/2026\/03\/\u0414\u0438\u0437\u0430\u0439\u043d-\u0431\u0435\u0437-\u043d\u0430\u0437\u0432\u0430\u043d\u0438\u044f12-300x300.png 300w, https:\/\/held-immo.com\/wp-content\/uploads\/2026\/03\/\u0414\u0438\u0437\u0430\u0439\u043d-\u0431\u0435\u0437-\u043d\u0430\u0437\u0432\u0430\u043d\u0438\u044f12-150x150.png 150w, https:\/\/held-immo.com\/wp-content\/uploads\/2026\/03\/\u0414\u0438\u0437\u0430\u0439\u043d-\u0431\u0435\u0437-\u043d\u0430\u0437\u0432\u0430\u043d\u0438\u044f12-768x768.png 768w, https:\/\/held-immo.com\/wp-content\/uploads\/2026\/03\/\u0414\u0438\u0437\u0430\u0439\u043d-\u0431\u0435\u0437-\u043d\u0430\u0437\u0432\u0430\u043d\u0438\u044f12-1536x1536.png 1536w, https:\/\/held-immo.com\/wp-content\/uploads\/2026\/03\/\u0414\u0438\u0437\u0430\u0439\u043d-\u0431\u0435\u0437-\u043d\u0430\u0437\u0432\u0430\u043d\u0438\u044f12-12x12.png 12w, https:\/\/held-immo.com\/wp-content\/uploads\/2026\/03\/\u0414\u0438\u0437\u0430\u0439\u043d-\u0431\u0435\u0437-\u043d\u0430\u0437\u0432\u0430\u043d\u0438\u044f12.png 2000w\" sizes=\"auto, (max-width: 1024px) 100vw, 1024px\" \/><\/figure><div class=\"wp-block-media-text__content\">\n<p class=\"ext-animate--on\"><strong>Tanja Kremer <\/strong><br><strong>Immobilienverwalterin (IHK)<\/strong><br><br>Sie ist seit 2000 in der Firma Held t\u00e4tig. <br><em>\u201eHome is where your heart is.<br>Mit gro\u00dfer Freude begleite ich Menschen auf dem Weg in ihr neues Zuhause. Es erf\u00fcllt mich, passende Wohnr\u00e4ume zu vermitteln und gleichzeitig im Verwaltungsbereich f\u00fcr Struktur und Verl\u00e4sslichkeit zu sorgen. Besonders stolz bin ich, wenn sich Mieterinnen und Mieter in ihrem neuen Zuhause wirklich angekommen f\u00fchlen.\u201c<\/em><\/p>\n\n\n\n<p class=\"ext-animate--on\"><\/p>\n<\/div><\/div>\n\n\n\n<p class=\"ext-animate--on\"><\/p>\n<\/div>\n","protected":false},"excerpt":{"rendered":"<p>Ihre Ansprechpartner Bernhard HeldGesch\u00e4ftsf\u00fchrer, Dipl.-Kaufmann (FH) und gepr\u00fcfter Bilanzbuchhalter (IHK) Seine St\u00e4rken im kaufm\u00e4nnischen Bereich, helfen ungemein die t\u00e4glichen Herausforderungen im Immobilienbereich zu meistern . Seine gr\u00fcndliche und ehrliche Arbeitsweise sorgt daf\u00fcr, dass alle Immobilienangelegenheiten professionell betreut werden. \u201eMir liegt es am Herzen, Immobilien zuverl\u00e4ssig zu verwalten und Menschen Orte zu bieten, an denen sie [&hellip;]<\/p>\n","protected":false},"author":1,"featured_media":0,"parent":0,"menu_order":0,"comment_status":"closed","ping_status":"closed","template":"page-with-title","meta":{"footnotes":""},"class_list":["post-1118","page","type-page","status-publish","hentry"],"_links":{"self":[{"href":"https:\/\/held-immo.com\/de_de\/wp-json\/wp\/v2\/pages\/1118","targetHints":{"allow":["GET"]}}],"collection":[{"href":"https:\/\/held-immo.com\/de_de\/wp-json\/wp\/v2\/pages"}],"about":[{"href":"https:\/\/held-immo.com\/de_de\/wp-json\/wp\/v2\/types\/page"}],"author":[{"embeddable":true,"href":"https:\/\/held-immo.com\/de_de\/wp-json\/wp\/v2\/users\/1"}],"replies":[{"embeddable":true,"href":"https:\/\/held-immo.com\/de_de\/wp-json\/wp\/v2\/comments?post=1118"}],"version-history":[{"count":2,"href":"https:\/\/held-immo.com\/de_de\/wp-json\/wp\/v2\/pages\/1118\/revisions"}],"predecessor-version":[{"id":1120,"href":"https:\/\/held-immo.com\/de_de\/wp-json\/wp\/v2\/pages\/1118\/revisions\/1120"}],"wp:attachment":[{"href":"https:\/\/held-immo.com\/de_de\/wp-json\/wp\/v2\/media?parent=1118"}],"curies":[{"name":"wp","href":"https:\/\/api.w.org\/{rel}","templated":true}]}}